{"id":119,"date":"2018-11-01T04:32:21","date_gmt":"2018-11-01T04:32:21","guid":{"rendered":"http:\/\/localhost\/industro\/?page_id=119"},"modified":"2023-02-07T22:46:03","modified_gmt":"2023-02-07T22:46:03","slug":"contact","status":"publish","type":"page","link":"https:\/\/boldgaindegroup.com\/fr\/contact\/","title":{"rendered":"Contact"},"content":{"rendered":"<section class=\"wpb-content-wrapper\"><section data-vc-full-width=\"true\" data-vc-full-width-init=\"false\" data-vc-stretch-content=\"true\" class=\"wpb_row vc_row-fluid vc_row-full-width vc_row-no-padding\"><div class=\"vc_row\"><div class=\"wpb_column vc_column_container vc_col-sm-12\"><div class=\"vc_column-inner\"><div class=\"wpb_wrapper\"><div class=\"wpb_gmaps_widget wpb_content_element vc_custom_1675098004983\"><div class=\"wpb_wrapper\"><div class=\"wpb_map_wraper\"><iframe src=\"https:\/\/www.google.com\/maps\/embed?pb=!1m14!1m12!1m3!1d357.63029475744264!2d-17.472689133495294!3d14.712198934981936!2m3!1f0!2f0!3f0!3m2!1i1024!2i768!4f13.1!5e0!3m2!1sen!2ssn!4v1675097991971!5m2!1sen!2ssn\" width=\"600\" height=\"450\" style=\"border:0;\" allowfullscreen=\"\" loading=\"lazy\" referrerpolicy=\"no-referrer-when-downgrade\"><\/iframe><\/div><\/div><\/div><\/div><\/div><\/div><\/div><\/section><div class=\"vc_row-full-width vc_clearfix\"><\/div><section class=\"wpb_row vc_row-fluid\"><div class=\"container\"><div class=\"vc_row\"><div class=\"wpb_column vc_column_container vc_col-sm-4\"><div class=\"vc_column-inner\"><div class=\"wpb_wrapper\"><h2 style=\"text-align: left\" class=\"vc_custom_heading vc_custom_1541411297630\" >Contact Info<\/h2>\n    <div class=\"contact-info\">\n        <i class=\"\"><\/i>\n        <div class=\"info\">\n            <h5>Address<\/h5>\n            <p><\/p>\n<p style=\"text-align: center;\">25 Cit\u00e9 des administrateurs<\/p>\n<p style=\"text-align: center;\">Mermoz Pyrotechnique<\/p>\n<p style=\"text-align: center;\">Dakar S\u00e9n\u00e9gal<\/p>\n<p><\/p>\n        <\/div>\n    <\/div>\n\n<\/div><\/div><\/div><div class=\"wpb_column vc_column_container vc_col-sm-4\"><div class=\"vc_column-inner\"><div class=\"wpb_wrapper\"><div class=\"vc_empty_space\"   style=\"height: 80px\"><span class=\"vc_empty_space_inner\"><\/span><\/div>\n    <div class=\"contact-info\">\n        <i class=\"\"><\/i>\n        <div class=\"info\">\n            <h5>Email<\/h5>\n            <p><a href=\"mailto:operationscenter@boldgaindegroup.com\">operationscenter@boldgaindegroup.com<\/a><\/p>\n<p><a href=\"mailto:operationscenter@bggroop.com\">operationscenter@bggroop.com<\/a><\/p>\n        <\/div>\n    <\/div>\n\n<\/div><\/div><\/div><div class=\"wpb_column vc_column_container vc_col-sm-4\"><div class=\"vc_column-inner\"><div class=\"wpb_wrapper\"><div class=\"vc_empty_space\"   style=\"height: 80px\"><span class=\"vc_empty_space_inner\"><\/span><\/div>\n    <div class=\"contact-info\">\n        <i class=\"\"><\/i>\n        <div class=\"info\">\n            <h5>Phone<\/h5>\n            <p><a href=\"tel:+221 77 041 19 57\">+221 77 041 19 57<\/a><\/p>\n        <\/div>\n    <\/div>\n\n<\/div><\/div><\/div><\/div><\/div><\/section>\n<\/section>","protected":false},"excerpt":{"rendered":"Contact Info Address 25 Cit\u00e9 des administrateurs Mermoz Pyrotechnique Dakar S\u00e9n\u00e9gal Email operationscenter@boldgaindegroup.com operationscenter@bggroop.com Phone +221 77 041 19 57","protected":false},"author":1,"featured_media":0,"parent":0,"menu_order":0,"comment_status":"closed","ping_status":"closed","template":"","meta":{"footnotes":""},"class_list":["post-119","page","type-page","status-publish","hentry"],"yoast_head":"<!-- This site is optimized with the Yoast SEO Premium plugin v20.2.1 (Yoast SEO v20.2.1) - https:\/\/yoast.com\/wordpress\/plugins\/seo\/ -->\n<title>Contact - BLOD GAINDE GROUP<\/title>\n<meta name=\"robots\" content=\"index, follow, max-snippet:-1, max-image-preview:large, max-video-preview:-1\" \/>\n<link rel=\"canonical\" href=\"https:\/\/boldgaindegroup.com\/fr\/contact\/\" \/>\n<meta property=\"og:locale\" content=\"fr_FR\" \/>\n<meta property=\"og:type\" content=\"article\" \/>\n<meta property=\"og:title\" content=\"Contact\" \/>\n<meta property=\"og:url\" content=\"https:\/\/boldgaindegroup.com\/fr\/contact\/\" \/>\n<meta property=\"og:site_name\" content=\"BLOD GAINDE GROUP\" \/>\n<meta property=\"article:modified_time\" content=\"2023-02-07T22:46:03+00:00\" \/>\n<meta name=\"twitter:card\" content=\"summary_large_image\" \/>\n<meta name=\"twitter:label1\" content=\"Dur\u00e9e de lecture estim\u00e9e\" \/>\n\t<meta name=\"twitter:data1\" content=\"1 minute\" \/>\n<script type=\"application\/ld+json\" class=\"yoast-schema-graph\">{\"@context\":\"https:\/\/schema.org\",\"@graph\":[{\"@type\":\"WebPage\",\"@id\":\"https:\/\/boldgaindegroup.com\/contact\/\",\"url\":\"https:\/\/boldgaindegroup.com\/contact\/\",\"name\":\"Contact - BLOD GAINDE GROUP\",\"isPartOf\":{\"@id\":\"https:\/\/boldgaindegroup.com\/#website\"},\"datePublished\":\"2018-11-01T04:32:21+00:00\",\"dateModified\":\"2023-02-07T22:46:03+00:00\",\"breadcrumb\":{\"@id\":\"https:\/\/boldgaindegroup.com\/contact\/#breadcrumb\"},\"inLanguage\":\"fr-FR\",\"potentialAction\":[{\"@type\":\"ReadAction\",\"target\":[\"https:\/\/boldgaindegroup.com\/contact\/\"]}]},{\"@type\":\"BreadcrumbList\",\"@id\":\"https:\/\/boldgaindegroup.com\/contact\/#breadcrumb\",\"itemListElement\":[{\"@type\":\"ListItem\",\"position\":1,\"name\":\"Home\",\"item\":\"https:\/\/boldgaindegroup.com\/\"},{\"@type\":\"ListItem\",\"position\":2,\"name\":\"Contact\"}]},{\"@type\":\"WebSite\",\"@id\":\"https:\/\/boldgaindegroup.com\/#website\",\"url\":\"https:\/\/boldgaindegroup.com\/\",\"name\":\"BLOD GAINDE GROUP\",\"description\":\"Our experience makes the difference\",\"publisher\":{\"@id\":\"https:\/\/boldgaindegroup.com\/#organization\"},\"potentialAction\":[{\"@type\":\"SearchAction\",\"target\":{\"@type\":\"EntryPoint\",\"urlTemplate\":\"https:\/\/boldgaindegroup.com\/?s={search_term_string}\"},\"query-input\":\"required name=search_term_string\"}],\"inLanguage\":\"fr-FR\"},{\"@type\":\"Organization\",\"@id\":\"https:\/\/boldgaindegroup.com\/#organization\",\"name\":\"BLOD GAINDE GROUP\",\"url\":\"https:\/\/boldgaindegroup.com\/\",\"logo\":{\"@type\":\"ImageObject\",\"inLanguage\":\"fr-FR\",\"@id\":\"https:\/\/boldgaindegroup.com\/#\/schema\/logo\/image\/\",\"url\":\"https:\/\/boldgaindegroup.com\/wp-content\/uploads\/2022\/12\/logo_cuut1.png\",\"contentUrl\":\"https:\/\/boldgaindegroup.com\/wp-content\/uploads\/2022\/12\/logo_cuut1.png\",\"width\":751,\"height\":777,\"caption\":\"BLOD GAINDE GROUP\"},\"image\":{\"@id\":\"https:\/\/boldgaindegroup.com\/#\/schema\/logo\/image\/\"}}]}<\/script>\n<!-- \/ Yoast SEO Premium plugin. -->","yoast_head_json":{"title":"Contact - BLOD GAINDE GROUP","robots":{"index":"index","follow":"follow","max-snippet":"max-snippet:-1","max-image-preview":"max-image-preview:large","max-video-preview":"max-video-preview:-1"},"canonical":"https:\/\/boldgaindegroup.com\/fr\/contact\/","og_locale":"fr_FR","og_type":"article","og_title":"Contact","og_url":"https:\/\/boldgaindegroup.com\/fr\/contact\/","og_site_name":"BLOD GAINDE GROUP","article_modified_time":"2023-02-07T22:46:03+00:00","twitter_card":"summary_large_image","twitter_misc":{"Dur\u00e9e de lecture estim\u00e9e":"1 minute"},"schema":{"@context":"https:\/\/schema.org","@graph":[{"@type":"WebPage","@id":"https:\/\/boldgaindegroup.com\/contact\/","url":"https:\/\/boldgaindegroup.com\/contact\/","name":"Contact - BLOD GAINDE GROUP","isPartOf":{"@id":"https:\/\/boldgaindegroup.com\/#website"},"datePublished":"2018-11-01T04:32:21+00:00","dateModified":"2023-02-07T22:46:03+00:00","breadcrumb":{"@id":"https:\/\/boldgaindegroup.com\/contact\/#breadcrumb"},"inLanguage":"fr-FR","potentialAction":[{"@type":"ReadAction","target":["https:\/\/boldgaindegroup.com\/contact\/"]}]},{"@type":"BreadcrumbList","@id":"https:\/\/boldgaindegroup.com\/contact\/#breadcrumb","itemListElement":[{"@type":"ListItem","position":1,"name":"Home","item":"https:\/\/boldgaindegroup.com\/"},{"@type":"ListItem","position":2,"name":"Contact"}]},{"@type":"WebSite","@id":"https:\/\/boldgaindegroup.com\/#website","url":"https:\/\/boldgaindegroup.com\/","name":"BLOD GAINDE GROUP","description":"Our experience makes the difference","publisher":{"@id":"https:\/\/boldgaindegroup.com\/#organization"},"potentialAction":[{"@type":"SearchAction","target":{"@type":"EntryPoint","urlTemplate":"https:\/\/boldgaindegroup.com\/?s={search_term_string}"},"query-input":"required name=search_term_string"}],"inLanguage":"fr-FR"},{"@type":"Organization","@id":"https:\/\/boldgaindegroup.com\/#organization","name":"BLOD GAINDE GROUP","url":"https:\/\/boldgaindegroup.com\/","logo":{"@type":"ImageObject","inLanguage":"fr-FR","@id":"https:\/\/boldgaindegroup.com\/#\/schema\/logo\/image\/","url":"https:\/\/boldgaindegroup.com\/wp-content\/uploads\/2022\/12\/logo_cuut1.png","contentUrl":"https:\/\/boldgaindegroup.com\/wp-content\/uploads\/2022\/12\/logo_cuut1.png","width":751,"height":777,"caption":"BLOD GAINDE GROUP"},"image":{"@id":"https:\/\/boldgaindegroup.com\/#\/schema\/logo\/image\/"}}]}},"_links":{"self":[{"href":"https:\/\/boldgaindegroup.com\/fr\/wp-json\/wp\/v2\/pages\/119","targetHints":{"allow":["GET"]}}],"collection":[{"href":"https:\/\/boldgaindegroup.com\/fr\/wp-json\/wp\/v2\/pages"}],"about":[{"href":"https:\/\/boldgaindegroup.com\/fr\/wp-json\/wp\/v2\/types\/page"}],"author":[{"embeddable":true,"href":"https:\/\/boldgaindegroup.com\/fr\/wp-json\/wp\/v2\/users\/1"}],"replies":[{"embeddable":true,"href":"https:\/\/boldgaindegroup.com\/fr\/wp-json\/wp\/v2\/comments?post=119"}],"version-history":[{"count":8,"href":"https:\/\/boldgaindegroup.com\/fr\/wp-json\/wp\/v2\/pages\/119\/revisions"}],"predecessor-version":[{"id":1213,"href":"https:\/\/boldgaindegroup.com\/fr\/wp-json\/wp\/v2\/pages\/119\/revisions\/1213"}],"wp:attachment":[{"href":"https:\/\/boldgaindegroup.com\/fr\/wp-json\/wp\/v2\/media?parent=119"}],"curies":[{"name":"wp","href":"https:\/\/api.w.org\/{rel}","templated":true}]}}